{"id":348,"date":"2024-03-14T20:12:10","date_gmt":"2024-03-14T20:12:10","guid":{"rendered":"https:\/\/ecoturismolasminas.com\/?page_id=348"},"modified":"2024-07-27T23:10:27","modified_gmt":"2024-07-27T23:10:27","slug":"avisluciernagas","status":"publish","type":"page","link":"https:\/\/ecoturismolasminas.com\/index.php\/avisluciernagas\/","title":{"rendered":"Avistamiento de Luci\u00e9rnagas"},"content":{"rendered":"\t\t<div data-elementor-type=\"wp-page\" data-elementor-id=\"348\" class=\"elementor elementor-348\">\n\t\t\t\t<div class=\"elementor-element elementor-element-b4d3445 e-flex e-con-boxed e-con e-parent\" data-id=\"b4d3445\" data-element_type=\"container\" data-settings=\"{&quot;background_background&quot;:&quot;slideshow&quot;,&quot;background_slideshow_gallery&quot;:[{&quot;id&quot;:568,&quot;url&quot;:&quot;https:\\\/\\\/ecoturismolasminas.com\\\/wp-content\\\/uploads\\\/2024\\\/03\\\/weddngdreams-1.jpg&quot;},{&quot;id&quot;:569,&quot;url&quot;:&quot;https:\\\/\\\/ecoturismolasminas.com\\\/wp-content\\\/uploads\\\/2024\\\/03\\\/weddngdreams-2.jpg&quot;},{&quot;id&quot;:570,&quot;url&quot;:&quot;https:\\\/\\\/ecoturismolasminas.com\\\/wp-content\\\/uploads\\\/2024\\\/03\\\/weddngdreams-3.jpg&quot;},{&quot;id&quot;:571,&quot;url&quot;:&quot;https:\\\/\\\/ecoturismolasminas.com\\\/wp-content\\\/uploads\\\/2024\\\/03\\\/weddngdreams-4.jpg&quot;},{&quot;id&quot;:572,&quot;url&quot;:&quot;https:\\\/\\\/ecoturismolasminas.com\\\/wp-content\\\/uploads\\\/2024\\\/03\\\/weddngdreams-5.jpg&quot;},{&quot;id&quot;:573,&quot;url&quot;:&quot;https:\\\/\\\/ecoturismolasminas.com\\\/wp-content\\\/uploads\\\/2024\\\/03\\\/weddngdreams-6.jpg&quot;},{&quot;id&quot;:574,&quot;url&quot;:&quot;https:\\\/\\\/ecoturismolasminas.com\\\/wp-content\\\/uploads\\\/2024\\\/03\\\/weddngdreams-7.jpg&quot;},{&quot;id&quot;:576,&quot;url&quot;:&quot;https:\\\/\\\/ecoturismolasminas.com\\\/wp-content\\\/uploads\\\/2024\\\/03\\\/weddngdreams-8.jpg&quot;},{&quot;id&quot;:577,&quot;url&quot;:&quot;https:\\\/\\\/ecoturismolasminas.com\\\/wp-content\\\/uploads\\\/2024\\\/03\\\/weddngdreams-9.jpg&quot;},{&quot;id&quot;:578,&quot;url&quot;:&quot;https:\\\/\\\/ecoturismolasminas.com\\\/wp-content\\\/uploads\\\/2024\\\/03\\\/weddngdreams-10.jpg&quot;},{&quot;id&quot;:579,&quot;url&quot;:&quot;https:\\\/\\\/ecoturismolasminas.com\\\/wp-content\\\/uploads\\\/2024\\\/03\\\/weddngdreams-11.jpg&quot;},{&quot;id&quot;:580,&quot;url&quot;:&quot;https:\\\/\\\/ecoturismolasminas.com\\\/wp-content\\\/uploads\\\/2024\\\/03\\\/weddngdreams-12.jpg&quot;},{&quot;id&quot;:581,&quot;url&quot;:&quot;https:\\\/\\\/ecoturismolasminas.com\\\/wp-content\\\/uploads\\\/2024\\\/03\\\/weddngdreams-13.jpg&quot;},{&quot;id&quot;:582,&quot;url&quot;:&quot;https:\\\/\\\/ecoturismolasminas.com\\\/wp-content\\\/uploads\\\/2024\\\/03\\\/weddngdreams-14.jpg&quot;},{&quot;id&quot;:583,&quot;url&quot;:&quot;https:\\\/\\\/ecoturismolasminas.com\\\/wp-content\\\/uploads\\\/2024\\\/03\\\/weddngdreams-15.jpg&quot;},{&quot;id&quot;:584,&quot;url&quot;:&quot;https:\\\/\\\/ecoturismolasminas.com\\\/wp-content\\\/uploads\\\/2024\\\/03\\\/weddngdreams-16.jpg&quot;},{&quot;id&quot;:585,&quot;url&quot;:&quot;https:\\\/\\\/ecoturismolasminas.com\\\/wp-content\\\/uploads\\\/2024\\\/03\\\/weddngdreams-17.jpg&quot;},{&quot;id&quot;:586,&quot;url&quot;:&quot;https:\\\/\\\/ecoturismolasminas.com\\\/wp-content\\\/uploads\\\/2024\\\/03\\\/weddngdreams-18.jpg&quot;},{&quot;id&quot;:587,&quot;url&quot;:&quot;https:\\\/\\\/ecoturismolasminas.com\\\/wp-content\\\/uploads\\\/2024\\\/03\\\/weddngdreams-19.jpg&quot;},{&quot;id&quot;:588,&quot;url&quot;:&quot;https:\\\/\\\/ecoturismolasminas.com\\\/wp-content\\\/uploads\\\/2024\\\/03\\\/weddngdreams-20.jpg&quot;},{&quot;id&quot;:589,&quot;url&quot;:&quot;https:\\\/\\\/ecoturismolasminas.com\\\/wp-content\\\/uploads\\\/2024\\\/03\\\/weddngdreams-21.jpg&quot;},{&quot;id&quot;:590,&quot;url&quot;:&quot;https:\\\/\\\/ecoturismolasminas.com\\\/wp-content\\\/uploads\\\/2024\\\/03\\\/weddngdreams-22.jpg&quot;},{&quot;id&quot;:591,&quot;url&quot;:&quot;https:\\\/\\\/ecoturismolasminas.com\\\/wp-content\\\/uploads\\\/2024\\\/03\\\/weddngdreams-23.jpg&quot;}],&quot;background_slideshow_lazyload&quot;:&quot;yes&quot;,&quot;background_slideshow_ken_burns&quot;:&quot;yes&quot;,&quot;background_slideshow_loop&quot;:&quot;yes&quot;,&quot;background_slideshow_slide_duration&quot;:5000,&quot;background_slideshow_slide_transition&quot;:&quot;fade&quot;,&quot;background_slideshow_transition_duration&quot;:500,&quot;background_slideshow_ken_burns_zoom_direction&quot;:&quot;in&quot;}\">\n\t\t\t\t\t<div class=\"e-con-inner\">\n\t\t\t\t\t<\/div>\n\t\t\t\t<\/div>\n\t\t<div class=\"elementor-element elementor-element-585492b e-flex e-con-boxed e-con e-parent\" data-id=\"585492b\" data-element_type=\"container\">\n\t\t\t\t\t<div class=\"e-con-inner\">\n\t\t<div class=\"elementor-element elementor-element-34f2960 e-con-full e-flex e-con e-child\" data-id=\"34f2960\" data-element_type=\"container\">\n\t\t\t\t<\/div>\n\t\t<div class=\"elementor-element elementor-element-7160223 e-con-full e-flex e-con e-child\" data-id=\"7160223\" data-element_type=\"container\">\n\t\t\t\t<div class=\"elementor-element elementor-element-84bcb60 elementor-widget elementor-widget-heading\" data-id=\"84bcb60\" data-element_type=\"widget\" data-widget_type=\"heading.default\">\n\t\t\t\t<div class=\"elementor-widget-container\">\n\t\t\t<style>\/*! elementor - v3.21.0 - 15-04-2024 *\/\n.elementor-heading-title{padding:0;margin:0;line-height:1}.elementor-widget-heading .elementor-heading-title[class*=elementor-size-]>a{color:inherit;font-size:inherit;line-height:inherit}.elementor-widget-heading .elementor-heading-title.elementor-size-small{font-size:15px}.elementor-widget-heading .elementor-heading-title.elementor-size-medium{font-size:19px}.elementor-widget-heading .elementor-heading-title.elementor-size-large{font-size:29px}.elementor-widget-heading .elementor-heading-title.elementor-size-xl{font-size:39px}.elementor-widget-heading .elementor-heading-title.elementor-size-xxl{font-size:59px}<\/style><h2 class=\"elementor-heading-title elementor-size-default\">Explorando la Magia Nocturna del Santuario de las Luci\u00e9rnagas en Las Minas<\/h2>\t\t<\/div>\n\t\t\t\t<\/div>\n\t\t\t\t<div class=\"elementor-element elementor-element-12d56e6 elementor-widget elementor-widget-text-editor\" data-id=\"12d56e6\" data-element_type=\"widget\" data-widget_type=\"text-editor.default\">\n\t\t\t\t<div class=\"elementor-widget-container\">\n\t\t\t<style>\/*! elementor - v3.21.0 - 15-04-2024 *\/\n.elementor-widget-text-editor.elementor-drop-cap-view-stacked .elementor-drop-cap{background-color:#69727d;color:#fff}.elementor-widget-text-editor.elementor-drop-cap-view-framed .elementor-drop-cap{color:#69727d;border:3px solid;background-color:transparent}.elementor-widget-text-editor:not(.elementor-drop-cap-view-default) .elementor-drop-cap{margin-top:8px}.elementor-widget-text-editor:not(.elementor-drop-cap-view-default) .elementor-drop-cap-letter{width:1em;height:1em}.elementor-widget-text-editor .elementor-drop-cap{float:left;text-align:center;line-height:1;font-size:50px}.elementor-widget-text-editor .elementor-drop-cap-letter{display:inline-block}<\/style>\t\t\t\t<p class=\"p1\"><span style=\"color: var( --e-global-color-text ); font-family: var( --e-global-typography-text-font-family ), Sans-serif; font-size: var( --e-global-typography-text-font-size ); font-style: var( --e-global-typography-text-font-style ); font-weight: var( --e-global-typography-text-font-weight ); letter-spacing: var( --e-global-typography-text-letter-spacing ); text-transform: var( --e-global-typography-text-text-transform ); background-color: var( --e-global-color-c696dce );\">En Nanacamilpa, Tlaxcala, tenemos la dicha de contar con un fen\u00f3meno tan extraordinario como las luci\u00e9rnagas. Este regalo de la naturaleza se vuelve a\u00fan m\u00e1s especial al comprender la importancia de estos insectos en el equilibrio del ecosistema. Las Minas no solo ofrece un vistazo a este fen\u00f3meno, sino que tambi\u00e9n se compromete activamente en su cuidado y conservaci\u00f3n.<\/span><\/p><p class=\"p1\">La bioluminiscencia, ese destello m\u00e1gico que emana de las luci\u00e9rnagas, es un fen\u00f3meno qu\u00edmico fascinante. Cada destello es una danza de luz que cumple funciones vitales para estos insectos, desde atraer parejas hasta disuadir a depredadores. Este proceso no solo contribuye a la supervivencia de las luci\u00e9rnagas, sino que tambi\u00e9n tiene un impacto positivo en el medio ambiente.<\/p><p class=\"p1\">Nos enorgullece compartir este espect\u00e1culo \u00fanico con nuestros visitantes, permiti\u00e9ndoles ser testigos de la bioluminiscencia en su m\u00e1xima expresi\u00f3n. La importancia de este fen\u00f3meno va m\u00e1s all\u00e1 de lo est\u00e9tico; es un recordatorio de la delicada interconexi\u00f3n entre todas las formas de vida.<\/p><p class=\"p1\">El santuario de las luci\u00e9rnagas es un tesoro que no se encuentra en muchos lugares. Te invitamos a sumergirte en este rinc\u00f3n especial de Nanacamilpa donde la naturaleza nocturna cobra vida de una manera asombrosa. Cada destello es una lecci\u00f3n, una historia que nos conecta con la fragilidad y la belleza de la vida en la oscuridad.<\/p><p class=\"p1\">En Las Minas la noche se ilumina con la luz de las luci\u00e9rnagas y cada visita contribuye a preservar este maravilloso espect\u00e1culo para las generaciones futuras. En este santuario de turismo rural y ecoturismo, explorar la magia nocturna se convierte en un compromiso con la conservaci\u00f3n y el respeto por la naturaleza.\u00a0<\/p><p class=\"p1\">\u00a1Ven y descubre la magia de Las Minas bajo el resplandor de las luci\u00e9rnagas!\u00a0<\/p>\t\t\t\t\t\t<\/div>\n\t\t\t\t<\/div>\n\t\t\t\t<\/div>\n\t\t<div class=\"elementor-element elementor-element-cf6f3f1 e-con-full e-flex e-con e-child\" data-id=\"cf6f3f1\" data-element_type=\"container\">\n\t\t\t\t<\/div>\n\t\t\t\t\t<\/div>\n\t\t\t\t<\/div>\n\t\t<div class=\"elementor-element elementor-element-520811a9 e-con-full e-flex e-con e-parent\" data-id=\"520811a9\" data-element_type=\"container\" data-settings=\"{&quot;background_background&quot;:&quot;classic&quot;}\">\n\t\t<div class=\"elementor-element elementor-element-5c59cb87 e-con-full e-flex e-con e-child\" data-id=\"5c59cb87\" data-element_type=\"container\">\n\t\t\t\t<div class=\"elementor-element elementor-element-330b9058 elementor-widget elementor-widget-heading\" data-id=\"330b9058\" data-element_type=\"widget\" data-widget_type=\"heading.default\">\n\t\t\t\t<div class=\"elementor-widget-container\">\n\t\t\t<h2 class=\"elementor-heading-title elementor-size-default\">\u00bfEst\u00e1s preparado para conectar con la naturaleza?\nTemporada 2024 del 15 de Jun al 15 de Agosto <\/h2>\t\t<\/div>\n\t\t\t\t<\/div>\n\t\t\t\t<div class=\"elementor-element elementor-element-69f72941 elementor-widget elementor-widget-text-editor\" data-id=\"69f72941\" data-element_type=\"widget\" data-widget_type=\"text-editor.default\">\n\t\t\t\t<div class=\"elementor-widget-container\">\n\t\t\t\t\t\t\t<p>Descubre el asombroso espect\u00e1culo de las luci\u00e9rnagas. Ya sea que solo nos visites para presenciar el m\u00e1gico momento, que te quedes a cenar bajo las estrellas o que vivas la experiencia completa, aloj\u00e1ndote en alguna de nuestras opciones de hospedaje.<\/p><p>\u00a1Te esperamos para que vivas momentos inolvidables en compa\u00f1\u00eda de tu familia!<\/p>\t\t\t\t\t\t<\/div>\n\t\t\t\t<\/div>\n\t\t\t\t<div class=\"elementor-element elementor-element-7578e974 elementor-align-center elementor-invisible elementor-widget elementor-widget-button\" data-id=\"7578e974\" data-element_type=\"widget\" data-settings=\"{&quot;_animation&quot;:&quot;fadeIn&quot;,&quot;_animation_delay&quot;:400}\" data-widget_type=\"button.default\">\n\t\t\t\t<div class=\"elementor-widget-container\">\n\t\t\t\t\t<div class=\"elementor-button-wrapper\">\n\t\t\t<a class=\"elementor-button elementor-button-link elementor-size-sm\" href=\"https:\/\/wa.me\/5217481101154\" target=\"_blank\">\n\t\t\t\t\t\t<span class=\"elementor-button-content-wrapper\">\n\t\t\t\t\t\t\t\t\t<span class=\"elementor-button-text\">\u00a1Reserva Ahora!<\/span>\n\t\t\t\t\t<\/span>\n\t\t\t\t\t<\/a>\n\t\t<\/div>\n\t\t\t\t<\/div>\n\t\t\t\t<\/div>\n\t\t\t\t<\/div>\n\t\t<div class=\"elementor-element elementor-element-70dac714 e-con-full e-flex e-con e-child\" data-id=\"70dac714\" data-element_type=\"container\" data-settings=\"{&quot;background_background&quot;:&quot;classic&quot;}\">\n\t\t\t\t<\/div>\n\t\t\t\t<\/div>\n\t\t<div class=\"elementor-element elementor-element-62d10131 e-flex e-con-boxed e-con e-parent\" data-id=\"62d10131\" data-element_type=\"container\">\n\t\t\t\t\t<div class=\"e-con-inner\">\n\t\t\t\t<div class=\"elementor-element elementor-element-62c3ed43 elementor-widget elementor-widget-heading\" data-id=\"62c3ed43\" data-element_type=\"widget\" data-widget_type=\"heading.default\">\n\t\t\t\t<div class=\"elementor-widget-container\">\n\t\t\t<h2 class=\"elementor-heading-title elementor-size-default\">No te pierdas de nada a trav\u00e9s de nuestras redes sociales<\/h2>\t\t<\/div>\n\t\t\t\t<\/div>\n\t\t\t\t<div class=\"elementor-element elementor-element-15e6d94b elementor-shape-circle elementor-grid-2 e-grid-align-center elementor-widget elementor-widget-social-icons\" data-id=\"15e6d94b\" data-element_type=\"widget\" data-widget_type=\"social-icons.default\">\n\t\t\t\t<div class=\"elementor-widget-container\">\n\t\t\t<style>\/*! elementor - v3.21.0 - 15-04-2024 *\/\n.elementor-widget-social-icons.elementor-grid-0 .elementor-widget-container,.elementor-widget-social-icons.elementor-grid-mobile-0 .elementor-widget-container,.elementor-widget-social-icons.elementor-grid-tablet-0 .elementor-widget-container{line-height:1;font-size:0}.elementor-widget-social-icons:not(.elementor-grid-0):not(.elementor-grid-tablet-0):not(.elementor-grid-mobile-0) .elementor-grid{display:inline-grid}.elementor-widget-social-icons .elementor-grid{grid-column-gap:var(--grid-column-gap,5px);grid-row-gap:var(--grid-row-gap,5px);grid-template-columns:var(--grid-template-columns);justify-content:var(--justify-content,center);justify-items:var(--justify-content,center)}.elementor-icon.elementor-social-icon{font-size:var(--icon-size,25px);line-height:var(--icon-size,25px);width:calc(var(--icon-size, 25px) + 2 * var(--icon-padding, .5em));height:calc(var(--icon-size, 25px) + 2 * var(--icon-padding, .5em))}.elementor-social-icon{--e-social-icon-icon-color:#fff;display:inline-flex;background-color:#69727d;align-items:center;justify-content:center;text-align:center;cursor:pointer}.elementor-social-icon i{color:var(--e-social-icon-icon-color)}.elementor-social-icon svg{fill:var(--e-social-icon-icon-color)}.elementor-social-icon:last-child{margin:0}.elementor-social-icon:hover{opacity:.9;color:#fff}.elementor-social-icon-android{background-color:#a4c639}.elementor-social-icon-apple{background-color:#999}.elementor-social-icon-behance{background-color:#1769ff}.elementor-social-icon-bitbucket{background-color:#205081}.elementor-social-icon-codepen{background-color:#000}.elementor-social-icon-delicious{background-color:#39f}.elementor-social-icon-deviantart{background-color:#05cc47}.elementor-social-icon-digg{background-color:#005be2}.elementor-social-icon-dribbble{background-color:#ea4c89}.elementor-social-icon-elementor{background-color:#d30c5c}.elementor-social-icon-envelope{background-color:#ea4335}.elementor-social-icon-facebook,.elementor-social-icon-facebook-f{background-color:#3b5998}.elementor-social-icon-flickr{background-color:#0063dc}.elementor-social-icon-foursquare{background-color:#2d5be3}.elementor-social-icon-free-code-camp,.elementor-social-icon-freecodecamp{background-color:#006400}.elementor-social-icon-github{background-color:#333}.elementor-social-icon-gitlab{background-color:#e24329}.elementor-social-icon-globe{background-color:#69727d}.elementor-social-icon-google-plus,.elementor-social-icon-google-plus-g{background-color:#dd4b39}.elementor-social-icon-houzz{background-color:#7ac142}.elementor-social-icon-instagram{background-color:#262626}.elementor-social-icon-jsfiddle{background-color:#487aa2}.elementor-social-icon-link{background-color:#818a91}.elementor-social-icon-linkedin,.elementor-social-icon-linkedin-in{background-color:#0077b5}.elementor-social-icon-medium{background-color:#00ab6b}.elementor-social-icon-meetup{background-color:#ec1c40}.elementor-social-icon-mixcloud{background-color:#273a4b}.elementor-social-icon-odnoklassniki{background-color:#f4731c}.elementor-social-icon-pinterest{background-color:#bd081c}.elementor-social-icon-product-hunt{background-color:#da552f}.elementor-social-icon-reddit{background-color:#ff4500}.elementor-social-icon-rss{background-color:#f26522}.elementor-social-icon-shopping-cart{background-color:#4caf50}.elementor-social-icon-skype{background-color:#00aff0}.elementor-social-icon-slideshare{background-color:#0077b5}.elementor-social-icon-snapchat{background-color:#fffc00}.elementor-social-icon-soundcloud{background-color:#f80}.elementor-social-icon-spotify{background-color:#2ebd59}.elementor-social-icon-stack-overflow{background-color:#fe7a15}.elementor-social-icon-steam{background-color:#00adee}.elementor-social-icon-stumbleupon{background-color:#eb4924}.elementor-social-icon-telegram{background-color:#2ca5e0}.elementor-social-icon-threads{background-color:#000}.elementor-social-icon-thumb-tack{background-color:#1aa1d8}.elementor-social-icon-tripadvisor{background-color:#589442}.elementor-social-icon-tumblr{background-color:#35465c}.elementor-social-icon-twitch{background-color:#6441a5}.elementor-social-icon-twitter{background-color:#1da1f2}.elementor-social-icon-viber{background-color:#665cac}.elementor-social-icon-vimeo{background-color:#1ab7ea}.elementor-social-icon-vk{background-color:#45668e}.elementor-social-icon-weibo{background-color:#dd2430}.elementor-social-icon-weixin{background-color:#31a918}.elementor-social-icon-whatsapp{background-color:#25d366}.elementor-social-icon-wordpress{background-color:#21759b}.elementor-social-icon-x-twitter{background-color:#000}.elementor-social-icon-xing{background-color:#026466}.elementor-social-icon-yelp{background-color:#af0606}.elementor-social-icon-youtube{background-color:#cd201f}.elementor-social-icon-500px{background-color:#0099e5}.elementor-shape-rounded .elementor-icon.elementor-social-icon{border-radius:10%}.elementor-shape-circle .elementor-icon.elementor-social-icon{border-radius:50%}<\/style>\t\t<div class=\"elementor-social-icons-wrapper elementor-grid\">\n\t\t\t\t\t\t\t<span class=\"elementor-grid-item\">\n\t\t\t\t\t<a class=\"elementor-icon elementor-social-icon elementor-social-icon-facebook elementor-animation-pulse elementor-repeater-item-f1c5291\" href=\"https:\/\/www.facebook.com\/luciernagaslasminas\/\" target=\"_blank\">\n\t\t\t\t\t\t<span class=\"elementor-screen-only\">Facebook<\/span>\n\t\t\t\t\t\t<i class=\"fab fa-facebook\"><\/i>\t\t\t\t\t<\/a>\n\t\t\t\t<\/span>\n\t\t\t\t\t\t\t<span class=\"elementor-grid-item\">\n\t\t\t\t\t<a class=\"elementor-icon elementor-social-icon elementor-social-icon-instagram elementor-animation-pulse elementor-repeater-item-da0e326\" href=\"https:\/\/www.instagram.com\/luciernagaslasminas?igsh=MWVuaGY1dHY4NjFnag==\" target=\"_blank\">\n\t\t\t\t\t\t<span class=\"elementor-screen-only\">Instagram<\/span>\n\t\t\t\t\t\t<i class=\"fab fa-instagram\"><\/i>\t\t\t\t\t<\/a>\n\t\t\t\t<\/span>\n\t\t\t\t\t<\/div>\n\t\t\t\t<\/div>\n\t\t\t\t<\/div>\n\t\t\t\t\t<\/div>\n\t\t\t\t<\/div>\n\t\t\t\t<\/div>\n\t\t","protected":false},"excerpt":{"rendered":"<p>Explorando la Magia Nocturna del Santuario de las Luci\u00e9rnagas en Las Minas En Nanacamilpa, Tlaxcala, tenemos la dicha de contar con un fen\u00f3meno tan extraordinario como las luci\u00e9rnagas. Este regalo de la naturaleza se vuelve a\u00fan m\u00e1s especial al comprender la importancia de estos insectos en el equilibrio del ecosistema. Las Minas no solo ofrece [&hellip;]<\/p>\n","protected":false},"author":1,"featured_media":0,"parent":0,"menu_order":0,"comment_status":"closed","ping_status":"closed","template":"","meta":{"footnotes":""},"aioseo_notices":[],"_links":{"self":[{"href":"https:\/\/ecoturismolasminas.com\/index.php\/wp-json\/wp\/v2\/pages\/348"}],"collection":[{"href":"https:\/\/ecoturismolasminas.com\/index.php\/wp-json\/wp\/v2\/pages"}],"about":[{"href":"https:\/\/ecoturismolasminas.com\/index.php\/wp-json\/wp\/v2\/types\/page"}],"author":[{"embeddable":true,"href":"https:\/\/ecoturismolasminas.com\/index.php\/wp-json\/wp\/v2\/users\/1"}],"replies":[{"embeddable":true,"href":"https:\/\/ecoturismolasminas.com\/index.php\/wp-json\/wp\/v2\/comments?post=348"}],"version-history":[{"count":85,"href":"https:\/\/ecoturismolasminas.com\/index.php\/wp-json\/wp\/v2\/pages\/348\/revisions"}],"predecessor-version":[{"id":984,"href":"https:\/\/ecoturismolasminas.com\/index.php\/wp-json\/wp\/v2\/pages\/348\/revisions\/984"}],"wp:attachment":[{"href":"https:\/\/ecoturismolasminas.com\/index.php\/wp-json\/wp\/v2\/media?parent=348"}],"curies":[{"name":"wp","href":"https:\/\/api.w.org\/{rel}","templated":true}]}}